{"id":727,"date":"2019-10-31T20:34:21","date_gmt":"2019-10-31T20:34:21","guid":{"rendered":"https:\/\/kompetenznachweis.ch\/?page_id=727"},"modified":"2019-12-10T17:42:54","modified_gmt":"2019-12-10T17:42:54","slug":"kompetenz-2","status":"publish","type":"page","link":"https:\/\/attestation-individuelle.ch\/","title":{"rendered":"Attestation individuelle de comp\u00e9tences"},"content":{"rendered":"<div id=\"pl-727\"  class=\"panel-layout\" ><div id=\"pg-727-0\"  class=\"panel-grid panel-no-style\" ><div id=\"pgc-727-0-0\"  class=\"panel-grid-cell\" ><div id=\"panel-727-0-0-0\" class=\"so-panel widget widget_sow-editor panel-first-child\" data-index=\"0\" ><div\n\t\t\t\n\t\t\tclass=\"so-widget-sow-editor so-widget-sow-editor-base\"\n\t\t\t\n\t\t>\n<div class=\"siteorigin-widget-tinymce textwidget\">\n\t<p>Tous les adolescents et jeunes adultes ne parviennent pas au terme d\u2019une formation reconnue (apprentissage professionnel, \u00e9cole secondaire). Parmi eux<\/p>\n<ul>\n<li>des apprenants suivant une formation professionnelle initiale de deux ans<br \/>\nsanctionn\u00e9e par une attestation f\u00e9d\u00e9rale (AFP) qui \u00e9chouent \u00e0 la proc\u00e9dure de<br \/>\nqualification;<\/li>\n<li>des apprenants suivant une formation standardis\u00e9e de deux ans, hors de la<br \/>\nformation professionnelle r\u00e9gie par la Conf\u00e9d\u00e9ration.<\/li>\n<\/ul>\n<p>L\u2019Attestation individuelle de comp\u00e9tences (AIC) certifie les comp\u00e9tences acquises par<br \/>\nces jeunes professionnels de mani\u00e8re standardis\u00e9e et sous une forme reconnue par<br \/>\nles branches. Cela accro\u00eet leurs chances sur le march\u00e9 du travail primaire. Les<br \/>\ntitulaires d\u2019une AIC restent par ailleurs plus facilement connect\u00e9s au syst\u00e8me<br \/>\n\u00e9ducatif.<\/p>\n<p><a href=\"https:\/\/attestation-individuelle.ch\/index.php\/portail-des-specialistes-aic\/\">Cliquez ici pour acc\u00e9der au portail sp\u00e9cialis\u00e9<\/a><\/p>\n<\/div>\n<\/div><\/div><div id=\"panel-727-0-0-1\" class=\"so-panel widget widget_sow-editor\" data-index=\"1\" ><div\n\t\t\t\n\t\t\tclass=\"so-widget-sow-editor so-widget-sow-editor-base\"\n\t\t\t\n\t\t><h3 class=\"widget-title\">L\u2019AIC est avantageuse pour tous<\/h3>\n<div class=\"siteorigin-widget-tinymce textwidget\">\n\t<ul>\n<li><strong>Apprenants:<\/strong> l\u2019AIC certifie les comp\u00e9tences acquises durant la formation par les apprenants<br \/>\nn\u2019ayant pas obtenu le dipl\u00f4me d\u2019apprentissage professionnel. Cela am\u00e9liore leurs chances sur le march\u00e9 du travail.<\/li>\n<li><strong>Employeurs:<\/strong> l\u2019AIC permet aux employeurs de juger rapidement avec pr\u00e9cision le potentiel des candidates comme des candidats et leurs aptitudes concr\u00e8tes.<\/li>\n<li><strong>Soci\u00e9t\u00e9:<\/strong> l\u2019AIC accro\u00eet les chances d\u2019int\u00e9grer dans le march\u00e9 du travail primaire les apprenants d\u00e9pourvus d\u2019un dipl\u00f4me de formation officiel. Elle facilite par ailleurs la connexion au syst\u00e8me \u00e9ducatif. Les deux aspects sont b\u00e9n\u00e9fiques pour le syst\u00e8me social.<\/li>\n<\/ul>\n<\/div>\n<\/div><\/div><div id=\"panel-727-0-0-2\" class=\"so-panel widget widget_sow-slider panel-last-child\" data-index=\"2\" ><div\n\t\t\t\n\t\t\tclass=\"so-widget-sow-slider so-widget-sow-slider-default-6d39609536fd-727\"\n\t\t\t\n\t\t>\t\t\t\t<div class=\"sow-slider-base\" style=\"display: none\" tabindex=\"0\">\n\t\t\t\t\t<ul\n\t\t\t\t\tclass=\"sow-slider-images\"\n\t\t\t\t\tdata-settings=\"{&quot;pagination&quot;:true,&quot;speed&quot;:800,&quot;timeout&quot;:12000,&quot;paused&quot;:false,&quot;pause_on_hover&quot;:false,&quot;swipe&quot;:true,&quot;nav_always_show_desktop&quot;:&quot;&quot;,&quot;nav_always_show_mobile&quot;:&quot;&quot;,&quot;breakpoint&quot;:&quot;780px&quot;,&quot;unmute&quot;:false,&quot;anchor&quot;:null}\"\n\t\t\t\t\t\t\t\t\t\tdata-anchor-id=\"\"\n\t\t\t\t>\t\t<li class=\"sow-slider-image\" style=\"visibility: visible;\" >\n\t\t\t\t\t\t<div class=\"sow-slider-image-container\">\n\t\t\t\t<div class=\"sow-slider-image-wrapper\" style=\"max-width: 1653px\">\n\t\t\t\t\t\t\t\t\t\t<div class=\"sow-slider-image-foreground-wrapper\">\n\t\t\t\t\t\t<img loading=\"lazy\" decoding=\"async\" width=\"1653\" height=\"929\" src=\"https:\/\/attestation-individuelle.ch\/wp-content\/uploads\/2019\/08\/Oberholzer_fr-1.jpg\" class=\"sow-slider-foreground-image\" alt=\"\" style=\"\" srcset=\"https:\/\/attestation-individuelle.ch\/wp-content\/uploads\/2019\/08\/Oberholzer_fr-1.jpg 1653w, https:\/\/attestation-individuelle.ch\/wp-content\/uploads\/2019\/08\/Oberholzer_fr-1-300x169.jpg 300w, https:\/\/attestation-individuelle.ch\/wp-content\/uploads\/2019\/08\/Oberholzer_fr-1-768x432.jpg 768w, https:\/\/attestation-individuelle.ch\/wp-content\/uploads\/2019\/08\/Oberholzer_fr-1-1024x575.jpg 1024w, https:\/\/attestation-individuelle.ch\/wp-content\/uploads\/2019\/08\/Oberholzer_fr-1-800x450.jpg 800w\" sizes=\"auto, (max-width: 1653px) 100vw, 1653px\" \/>\t\t\t\t\t<\/div>\n\t\t\t\t\t\t\t\t\t<\/div>\n\t\t\t<\/div>\n\t\t\t\t\t<\/li>\n\t\t\t\t<li class=\"sow-slider-image\" style=\"visibility: hidden;\" >\n\t\t\t\t\t\t<div class=\"sow-slider-image-container\">\n\t\t\t\t<div class=\"sow-slider-image-wrapper\" style=\"max-width: 2006px\">\n\t\t\t\t\t\t\t\t\t\t<div class=\"sow-slider-image-foreground-wrapper\">\n\t\t\t\t\t\t<img loading=\"lazy\" decoding=\"async\" width=\"2006\" height=\"1129\" src=\"https:\/\/attestation-individuelle.ch\/wp-content\/uploads\/2019\/08\/Hohl_fr.jpg\" class=\"sow-slider-foreground-image\" alt=\"\" style=\"\" srcset=\"https:\/\/attestation-individuelle.ch\/wp-content\/uploads\/2019\/08\/Hohl_fr.jpg 2006w, https:\/\/attestation-individuelle.ch\/wp-content\/uploads\/2019\/08\/Hohl_fr-300x169.jpg 300w, https:\/\/attestation-individuelle.ch\/wp-content\/uploads\/2019\/08\/Hohl_fr-768x432.jpg 768w, https:\/\/attestation-individuelle.ch\/wp-content\/uploads\/2019\/08\/Hohl_fr-1024x576.jpg 1024w, https:\/\/attestation-individuelle.ch\/wp-content\/uploads\/2019\/08\/Hohl_fr-800x450.jpg 800w\" sizes=\"auto, (max-width: 2006px) 100vw, 2006px\" \/>\t\t\t\t\t<\/div>\n\t\t\t\t\t\t\t\t\t<\/div>\n\t\t\t<\/div>\n\t\t\t\t\t<\/li>\n\t\t\t\t<li class=\"sow-slider-image\" style=\"visibility: hidden;\" >\n\t\t\t\t\t\t<div class=\"sow-slider-image-container\">\n\t\t\t\t<div class=\"sow-slider-image-wrapper\" style=\"max-width: 1835px\">\n\t\t\t\t\t\t\t\t\t\t<div class=\"sow-slider-image-foreground-wrapper\">\n\t\t\t\t\t\t<img loading=\"lazy\" decoding=\"async\" width=\"1835\" height=\"1032\" src=\"https:\/\/attestation-individuelle.ch\/wp-content\/uploads\/2019\/08\/Davatz_FR-1.jpg\" class=\"sow-slider-foreground-image\" alt=\"\" style=\"\" srcset=\"https:\/\/attestation-individuelle.ch\/wp-content\/uploads\/2019\/08\/Davatz_FR-1.jpg 1835w, https:\/\/attestation-individuelle.ch\/wp-content\/uploads\/2019\/08\/Davatz_FR-1-300x169.jpg 300w, https:\/\/attestation-individuelle.ch\/wp-content\/uploads\/2019\/08\/Davatz_FR-1-768x432.jpg 768w, https:\/\/attestation-individuelle.ch\/wp-content\/uploads\/2019\/08\/Davatz_FR-1-1024x576.jpg 1024w, https:\/\/attestation-individuelle.ch\/wp-content\/uploads\/2019\/08\/Davatz_FR-1-800x450.jpg 800w\" sizes=\"auto, (max-width: 1835px) 100vw, 1835px\" \/>\t\t\t\t\t<\/div>\n\t\t\t\t\t\t\t\t\t<\/div>\n\t\t\t<\/div>\n\t\t\t\t\t<\/li>\n\t\t\t\t<li class=\"sow-slider-image\" style=\"visibility: hidden;\" >\n\t\t\t\t\t\t<div class=\"sow-slider-image-container\">\n\t\t\t\t<div class=\"sow-slider-image-wrapper\" style=\"max-width: 1752px\">\n\t\t\t\t\t\t\t\t\t\t<div class=\"sow-slider-image-foreground-wrapper\">\n\t\t\t\t\t\t<img loading=\"lazy\" decoding=\"async\" width=\"1752\" height=\"986\" src=\"https:\/\/attestation-individuelle.ch\/wp-content\/uploads\/2019\/08\/duerler_fr-2.jpg\" class=\"sow-slider-foreground-image\" alt=\"\" style=\"\" srcset=\"https:\/\/attestation-individuelle.ch\/wp-content\/uploads\/2019\/08\/duerler_fr-2.jpg 1752w, https:\/\/attestation-individuelle.ch\/wp-content\/uploads\/2019\/08\/duerler_fr-2-300x169.jpg 300w, https:\/\/attestation-individuelle.ch\/wp-content\/uploads\/2019\/08\/duerler_fr-2-768x432.jpg 768w, https:\/\/attestation-individuelle.ch\/wp-content\/uploads\/2019\/08\/duerler_fr-2-1024x576.jpg 1024w, https:\/\/attestation-individuelle.ch\/wp-content\/uploads\/2019\/08\/duerler_fr-2-800x450.jpg 800w\" sizes=\"auto, (max-width: 1752px) 100vw, 1752px\" \/>\t\t\t\t\t<\/div>\n\t\t\t\t\t\t\t\t\t<\/div>\n\t\t\t<\/div>\n\t\t\t\t\t<\/li>\n\t\t<\/ul>\t\t\t\t<ol class=\"sow-slider-pagination\">\n\t\t\t\t\t\t\t\t\t\t\t<li><a href=\"#\" data-goto=\"0\" aria-label=\"Display slide 1\"><\/a><\/li>\n\t\t\t\t\t\t\t\t\t\t\t<li><a href=\"#\" data-goto=\"1\" aria-label=\"Display slide 2\"><\/a><\/li>\n\t\t\t\t\t\t\t\t\t\t\t<li><a href=\"#\" data-goto=\"2\" aria-label=\"Display slide 3\"><\/a><\/li>\n\t\t\t\t\t\t\t\t\t\t\t<li><a href=\"#\" data-goto=\"3\" aria-label=\"Display slide 4\"><\/a><\/li>\n\t\t\t\t\t\t\t\t\t<\/ol>\n\n\t\t\t\t<div class=\"sow-slide-nav sow-slide-nav-next\">\n\t\t\t\t\t<a href=\"#\" data-goto=\"next\" aria-label=\"Next slide\" data-action=\"next\">\n\t\t\t\t\t\t<em class=\"sow-sld-icon-thin-right\"><\/em>\n\t\t\t\t\t<\/a>\n\t\t\t\t<\/div>\n\n\t\t\t\t<div class=\"sow-slide-nav sow-slide-nav-prev\">\n\t\t\t\t\t<a href=\"#\" data-goto=\"previous\" aria-label=\"Previous slide\" data-action=\"prev\">\n\t\t\t\t\t\t<em class=\"sow-sld-icon-thin-left\"><\/em>\n\t\t\t\t\t<\/a>\n\t\t\t\t<\/div>\n\t\t\t\t<\/div><\/div><\/div><\/div><\/div><div id=\"pg-727-1\"  class=\"panel-grid panel-no-style\" ><div id=\"pgc-727-1-0\"  class=\"panel-grid-cell\" ><div id=\"panel-727-1-0-0\" class=\"so-panel widget widget_sow-editor panel-first-child\" data-index=\"3\" ><div\n\t\t\t\n\t\t\tclass=\"so-widget-sow-editor so-widget-sow-editor-base\"\n\t\t\t\n\t\t><h3 class=\"widget-title\">L\u2019AIC est avantageuse pour tous<\/h3>\n<div class=\"siteorigin-widget-tinymce textwidget\">\n\t<ul>\n<li><strong>Apprenants:<\/strong> l\u2019AIC certifie les comp\u00e9tences acquises durant la formation par les apprenants<br \/>\nn\u2019ayant pas obtenu le dipl\u00f4me d\u2019apprentissage professionnel. Cela am\u00e9liore leurs chances sur le march\u00e9 du travail.<\/li>\n<li><strong>Employeurs:<\/strong> l\u2019AIC permet aux employeurs de juger rapidement avec pr\u00e9cision le potentiel des candidates comme des candidats et leurs aptitudes concr\u00e8tes.<\/li>\n<li><strong>Soci\u00e9t\u00e9:<\/strong> l\u2019AIC accro\u00eet les chances d\u2019int\u00e9grer dans le march\u00e9 du travail primaire les apprenants d\u00e9pourvus d\u2019un dipl\u00f4me de formation officiel. Elle facilite par ailleurs la connexion au syst\u00e8me \u00e9ducatif. Les deux aspects sont b\u00e9n\u00e9fiques pour le syst\u00e8me social.<\/li>\n<\/ul>\n<\/div>\n<\/div><\/div><div id=\"panel-727-1-0-1\" class=\"so-panel widget widget_sow-image panel-last-child\" data-index=\"4\" ><div\n\t\t\t\n\t\t\tclass=\"so-widget-sow-image so-widget-sow-image-default-4e6925654b7a-727\"\n\t\t\t\n\t\t>\n<div class=\"sow-image-container\">\n\t\t<img \n\tsrc=\"https:\/\/attestation-individuelle.ch\/wp-content\/uploads\/2019\/09\/Bildungssystem_IKN_F_vek-1-e1568725264675.png\" width=\"800\" height=\"623\" sizes=\"(max-width: 800px) 100vw, 800px\" title=\"Bildungssystem_IKN_F_vek\" alt=\"\" \t\tclass=\"so-widget-image\"\/>\n\t<\/div>\n\n<\/div><\/div><\/div><\/div><div id=\"pg-727-2\"  class=\"panel-grid panel-no-style\" ><div id=\"pgc-727-2-0\"  class=\"panel-grid-cell\" ><div id=\"panel-727-2-0-0\" class=\"so-panel widget widget_media_video panel-first-child panel-last-child\" data-index=\"5\" ><h3 class=\"widget-title\">Luca Jufer, Personne en formation<\/h3><div style=\"width:100%;\" class=\"wp-video\"><!--[if lt IE 9]><script>document.createElement('video');<\/script><![endif]-->\n<video class=\"wp-video-shortcode\" id=\"video-727-1\" preload=\"metadata\" controls=\"controls\"><source type=\"video\/mp4\" src=\"https:\/\/attestation-individuelle.ch\/wp-content\/uploads\/2019\/08\/Luca_franz-1.mp4?_=1\" \/><source type=\"video\/mp4\" src=\"https:\/\/kompetenznachweis.ch\/wp-content\/uploads\/2019\/08\/Luca_franz-1.mp4?_=1\" \/><a href=\"https:\/\/attestation-individuelle.ch\/wp-content\/uploads\/2019\/08\/Luca_franz-1.mp4\">https:\/\/attestation-individuelle.ch\/wp-content\/uploads\/2019\/08\/Luca_franz-1.mp4<\/a><\/video><\/div><\/div><\/div><div id=\"pgc-727-2-1\"  class=\"panel-grid-cell\" ><div id=\"panel-727-2-1-0\" class=\"so-panel widget widget_media_video panel-first-child panel-last-child\" data-index=\"6\" ><h3 class=\"widget-title\">Dani B\u00fchler, Formateur<\/h3><div style=\"width:100%;\" class=\"wp-video\"><video class=\"wp-video-shortcode\" id=\"video-727-2\" preload=\"metadata\" controls=\"controls\"><source type=\"video\/mp4\" src=\"https:\/\/attestation-individuelle.ch\/wp-content\/uploads\/2019\/08\/Dani_franz-1.mp4?_=2\" \/><source type=\"video\/mp4\" src=\"https:\/\/kompetenznachweis.ch\/wp-content\/uploads\/2019\/08\/Dani_franz-1.mp4?_=2\" \/><a href=\"https:\/\/attestation-individuelle.ch\/wp-content\/uploads\/2019\/08\/Dani_franz-1.mp4\">https:\/\/attestation-individuelle.ch\/wp-content\/uploads\/2019\/08\/Dani_franz-1.mp4<\/a><\/video><\/div><\/div><\/div><div id=\"pgc-727-2-2\"  class=\"panel-grid-cell\" ><div id=\"panel-727-2-2-0\" class=\"so-panel widget widget_media_video panel-first-child panel-last-child\" data-index=\"7\" ><h3 class=\"widget-title\">Dr. Beat M. Duerler, SVBL<\/h3><div style=\"width:100%;\" class=\"wp-video\"><video class=\"wp-video-shortcode\" id=\"video-727-3\" preload=\"metadata\" controls=\"controls\"><source type=\"video\/mp4\" src=\"https:\/\/attestation-individuelle.ch\/wp-content\/uploads\/2019\/08\/duerler_franz-1.mp4?_=3\" \/><source type=\"video\/mp4\" src=\"https:\/\/kompetenznachweis.ch\/wp-content\/uploads\/2019\/08\/duerler_franz-1.mp4?_=3\" \/><a href=\"https:\/\/attestation-individuelle.ch\/wp-content\/uploads\/2019\/08\/duerler_franz-1.mp4\">https:\/\/attestation-individuelle.ch\/wp-content\/uploads\/2019\/08\/duerler_franz-1.mp4<\/a><\/video><\/div><\/div><\/div><\/div><div id=\"pg-727-3\"  class=\"panel-grid panel-no-style\" ><div id=\"pgc-727-3-0\"  class=\"panel-grid-cell panel-grid-cell-empty\" ><\/div><\/div><div id=\"pg-727-4\"  class=\"panel-grid panel-no-style\" ><div id=\"pgc-727-4-0\"  class=\"panel-grid-cell\" ><div id=\"panel-727-4-0-0\" class=\"so-panel widget widget_sow-editor panel-first-child panel-last-child\" data-index=\"8\" ><div\n\t\t\t\n\t\t\tclass=\"so-widget-sow-editor so-widget-sow-editor-base\"\n\t\t\t\n\t\t><h3 class=\"widget-title\">Liens<\/h3>\n<div class=\"siteorigin-widget-tinymce textwidget\">\n\t<ul>\n<li><a href=\"https:\/\/www.hauswirtschaft.ch\/fr\/evaluation-des-competences\/\">ortra intendance suisse<\/a><\/li>\n<li><a href=\"https:\/\/www.svbl.ch\/fr\/\">Association Suisse pour la formation professionnelle en logistique<\/a><\/li>\n<li><a href=\"https:\/\/www.igkg.ch\/fr\/employe-e-de-commerce-s-and-a\/documents-de-reference\/a-partir-de-2018\" target=\"_blank\" rel=\"noopener\">CIFC suisse<\/a><\/li>\n<li><a href=\"https:\/\/www.vssm.ch\/de\/berufsbildung\/schreinerpraktikerin-eba\/individueller-kompetenznachweis-ikn\" target=\"_blank\" rel=\"noopener\">Verband Schweizerischer Schreinermeister und M\u00f6belfabrikanten<\/a><\/li>\n<li><a href=\"https:\/\/www.insos.ch\/formation-pratique\/attestation-individuelle-de-competences-aic\/\" target=\"_blank\" rel=\"noopener\">Association de branche nationale des institutions pour personnes avec handicap<\/a><\/li>\n<\/ul>\n<\/div>\n<\/div><\/div><\/div><\/div><\/div>","protected":false},"excerpt":{"rendered":"<p>Tous les adolescents et jeunes adultes ne parviennent pas au terme d\u2019une formation reconnue (apprentissage professionnel, \u00e9cole secondaire). Parmi eux des apprenants suivant une formation professionnelle initiale de deux ans sanctionn\u00e9e par une attestation f\u00e9d\u00e9rale (AFP) qui \u00e9chouent \u00e0 la proc\u00e9dure de qualification; des apprenants suivant une formation standardis\u00e9e de deux ans, hors de la formation professionnelle r\u00e9gie par la<\/p>\n<p><a class=\"more-link\" href=\"https:\/\/attestation-individuelle.ch\/\">Weiterlesen<\/a><\/p>\n","protected":false},"author":1,"featured_media":0,"parent":0,"menu_order":0,"comment_status":"closed","ping_status":"closed","template":"page-templates\/full-width.php","meta":{"footnotes":""},"class_list":["post-727","page","type-page","status-publish","hentry"],"yoast_head":"<!-- This site is optimized with the Yoast SEO plugin v25.9 - https:\/\/yoast.com\/wordpress\/plugins\/seo\/ -->\n<title>Attestation individuelle de comp\u00e9tences<\/title>\n<meta name=\"description\" content=\"Tous les adolescents et jeunes adultes ne parviennent pas au terme d\u2019une formation reconnue (apprentissage professionnel, \u00e9cole secondaire)\" \/>\n<meta name=\"robots\" content=\"index, follow, max-snippet:-1, max-image-preview:large, max-video-preview:-1\" \/>\n<link rel=\"canonical\" href=\"https:\/\/attestation-individuelle.ch\/\" \/>\n<meta property=\"og:locale\" content=\"de_DE\" \/>\n<meta property=\"og:type\" content=\"article\" \/>\n<meta property=\"og:title\" content=\"Attestation individuelle de comp\u00e9tences\" \/>\n<meta property=\"og:description\" content=\"Tous les adolescents et jeunes adultes ne parviennent pas au terme d\u2019une formation reconnue (apprentissage professionnel, \u00e9cole secondaire)\" \/>\n<meta property=\"og:url\" content=\"https:\/\/attestation-individuelle.ch\/\" \/>\n<meta property=\"og:site_name\" content=\"Kompetenznachweis\" \/>\n<meta property=\"article:modified_time\" content=\"2019-12-10T17:42:54+00:00\" \/>\n<meta name=\"twitter:card\" content=\"summary_large_image\" \/>\n<meta name=\"twitter:label1\" content=\"Gesch\u00e4tzte Lesezeit\" \/>\n\t<meta name=\"twitter:data1\" content=\"2\u00a0Minuten\" \/>\n<script type=\"application\/ld+json\" class=\"yoast-schema-graph\">{\"@context\":\"https:\/\/schema.org\",\"@graph\":[{\"@type\":\"WebPage\",\"@id\":\"https:\/\/attestation-individuelle.ch\/\",\"url\":\"https:\/\/attestation-individuelle.ch\/\",\"name\":\"Attestation individuelle de comp\u00e9tences\",\"isPartOf\":{\"@id\":\"https:\/\/kompetenznachweis.ch\/#website\"},\"datePublished\":\"2019-10-31T20:34:21+00:00\",\"dateModified\":\"2019-12-10T17:42:54+00:00\",\"description\":\"Tous les adolescents et jeunes adultes ne parviennent pas au terme d\u2019une formation reconnue (apprentissage professionnel, \u00e9cole secondaire)\",\"breadcrumb\":{\"@id\":\"https:\/\/attestation-individuelle.ch\/#breadcrumb\"},\"inLanguage\":\"de\",\"potentialAction\":[{\"@type\":\"ReadAction\",\"target\":[\"https:\/\/attestation-individuelle.ch\/\"]}]},{\"@type\":\"BreadcrumbList\",\"@id\":\"https:\/\/attestation-individuelle.ch\/#breadcrumb\",\"itemListElement\":[{\"@type\":\"ListItem\",\"position\":1,\"name\":\"Startseite\",\"item\":\"https:\/\/kompetenznachweis.ch\/\"},{\"@type\":\"ListItem\",\"position\":2,\"name\":\"Attestation individuelle de comp\u00e9tences\"}]},{\"@type\":\"WebSite\",\"@id\":\"https:\/\/kompetenznachweis.ch\/#website\",\"url\":\"https:\/\/kompetenznachweis.ch\/\",\"name\":\"Kompetenznachweis\",\"description\":\"\",\"potentialAction\":[{\"@type\":\"SearchAction\",\"target\":{\"@type\":\"EntryPoint\",\"urlTemplate\":\"https:\/\/kompetenznachweis.ch\/?s={search_term_string}\"},\"query-input\":{\"@type\":\"PropertyValueSpecification\",\"valueRequired\":true,\"valueName\":\"search_term_string\"}}],\"inLanguage\":\"de\"}]}<\/script>\n<!-- \/ Yoast SEO plugin. -->","yoast_head_json":{"title":"Attestation individuelle de comp\u00e9tences","description":"Tous les adolescents et jeunes adultes ne parviennent pas au terme d\u2019une formation reconnue (apprentissage professionnel, \u00e9cole secondaire)","robots":{"index":"index","follow":"follow","max-snippet":"max-snippet:-1","max-image-preview":"max-image-preview:large","max-video-preview":"max-video-preview:-1"},"canonical":"https:\/\/attestation-individuelle.ch\/","og_locale":"de_DE","og_type":"article","og_title":"Attestation individuelle de comp\u00e9tences","og_description":"Tous les adolescents et jeunes adultes ne parviennent pas au terme d\u2019une formation reconnue (apprentissage professionnel, \u00e9cole secondaire)","og_url":"https:\/\/attestation-individuelle.ch\/","og_site_name":"Kompetenznachweis","article_modified_time":"2019-12-10T17:42:54+00:00","twitter_card":"summary_large_image","twitter_misc":{"Gesch\u00e4tzte Lesezeit":"2\u00a0Minuten"},"schema":{"@context":"https:\/\/schema.org","@graph":[{"@type":"WebPage","@id":"https:\/\/attestation-individuelle.ch\/","url":"https:\/\/attestation-individuelle.ch\/","name":"Attestation individuelle de comp\u00e9tences","isPartOf":{"@id":"https:\/\/kompetenznachweis.ch\/#website"},"datePublished":"2019-10-31T20:34:21+00:00","dateModified":"2019-12-10T17:42:54+00:00","description":"Tous les adolescents et jeunes adultes ne parviennent pas au terme d\u2019une formation reconnue (apprentissage professionnel, \u00e9cole secondaire)","breadcrumb":{"@id":"https:\/\/attestation-individuelle.ch\/#breadcrumb"},"inLanguage":"de","potentialAction":[{"@type":"ReadAction","target":["https:\/\/attestation-individuelle.ch\/"]}]},{"@type":"BreadcrumbList","@id":"https:\/\/attestation-individuelle.ch\/#breadcrumb","itemListElement":[{"@type":"ListItem","position":1,"name":"Startseite","item":"https:\/\/kompetenznachweis.ch\/"},{"@type":"ListItem","position":2,"name":"Attestation individuelle de comp\u00e9tences"}]},{"@type":"WebSite","@id":"https:\/\/kompetenznachweis.ch\/#website","url":"https:\/\/kompetenznachweis.ch\/","name":"Kompetenznachweis","description":"","potentialAction":[{"@type":"SearchAction","target":{"@type":"EntryPoint","urlTemplate":"https:\/\/kompetenznachweis.ch\/?s={search_term_string}"},"query-input":{"@type":"PropertyValueSpecification","valueRequired":true,"valueName":"search_term_string"}}],"inLanguage":"de"}]}},"_links":{"self":[{"href":"https:\/\/attestation-individuelle.ch\/index.php\/wp-json\/wp\/v2\/pages\/727","targetHints":{"allow":["GET"]}}],"collection":[{"href":"https:\/\/attestation-individuelle.ch\/index.php\/wp-json\/wp\/v2\/pages"}],"about":[{"href":"https:\/\/attestation-individuelle.ch\/index.php\/wp-json\/wp\/v2\/types\/page"}],"author":[{"embeddable":true,"href":"https:\/\/attestation-individuelle.ch\/index.php\/wp-json\/wp\/v2\/users\/1"}],"replies":[{"embeddable":true,"href":"https:\/\/attestation-individuelle.ch\/index.php\/wp-json\/wp\/v2\/comments?post=727"}],"version-history":[{"count":21,"href":"https:\/\/attestation-individuelle.ch\/index.php\/wp-json\/wp\/v2\/pages\/727\/revisions"}],"predecessor-version":[{"id":941,"href":"https:\/\/attestation-individuelle.ch\/index.php\/wp-json\/wp\/v2\/pages\/727\/revisions\/941"}],"wp:attachment":[{"href":"https:\/\/attestation-individuelle.ch\/index.php\/wp-json\/wp\/v2\/media?parent=727"}],"curies":[{"name":"wp","href":"https:\/\/api.w.org\/{rel}","templated":true}]}}